{"id":7,"date":"2019-11-01T22:30:39","date_gmt":"2019-11-01T22:30:39","guid":{"rendered":"http:\/\/hof-fedderke.de\/?page_id=7"},"modified":"2024-06-18T09:49:41","modified_gmt":"2024-06-18T09:49:41","slug":"ihr-unterkunft","status":"publish","type":"page","link":"https:\/\/hof-fedderke.de\/?page_id=7","title":{"rendered":"Ihre Unterkunft"},"content":{"rendered":"befindet sich im ersten Stock des Haupthauses auf dem ehemaligen Heuboden.\nDurch das separate Treppenhaus gelangen Sie zu Ihrer Ferienwohnung.\n\n<!-- \/wp:post-content --><!-- wp:paragraph -->\n\nDie Wohnung hat eine Fl\u00e4che von 74qm. Vom Flur aus gelangen Sie\nin die vollausgestattete K\u00fcche. Hier finden Sie alles was Sie zum Kochen und\nBacken ben\u00f6tigen. Sogar eine Sp\u00fclmaschine ist Teil der Einrichtung. Beim Essen\nk\u00f6nnen Sie w\u00e4hlen, ob Sie dies in der K\u00fcche tun wollen oder ob Sie\ndoch lieber an dem gro\u00dfen Tisch im lichtdurchfluteten Esszimmer sitzen m\u00f6chten.\n\n<!-- \/wp:paragraph --><!-- wp:paragraph -->\n\nIm Wohnzimmer k\u00f6nnen Sie es sich auf dem Sofa gem\u00fctlich machen und bei\nschlechtem Wetter einfach mal Ihre Lieblingsserie oder einen Film auf dem gro\u00dfen Flachbildfernseher genie\u00dfen.\n\n<!-- \/wp:paragraph --><!-- wp:paragraph -->\n\nDas Tageslichtbad ist mit allem ausgestattet, was man zum Wohlf\u00fchlen braucht.\n\n<!-- \/wp:paragraph --><!-- wp:paragraph -->\n\nAn das Bad schlie\u00dft sich ein ger\u00e4umiges Schlafzimmer mit Doppelbett und\ngro\u00dfem Kleiderschrank an. Direkt daneben befindet sich ein weiteres\nSchlafzimmer mit zwei Einzelbetten und Kleiderschrank. Von hieraus gelangen Sie in das separate Spielzimmer. Hier k\u00f6nnen die Kinder ungest\u00f6rt spielen und toben.\n\n<!-- \/wp:paragraph --><!-- wp:paragraph -->\n\n<!-- wp:paragraph -->\n\nAlle Zimmer, au\u00dfer das Spielzimmer, sind mit Rolll\u00e4den ausgestattet und k\u00f6nnen\nverdunkelt werden. Deswegen und auf Grund der modernen, umweltfreundlichen\nHolzfaserisolierung bleibt die Wohnung auch im Sommer angenehm k\u00fchl. Sollte es doch einmal kalt werden beziehen wir unsere W\u00e4rme zum Heizen von der benachbarten Biogasanlage. Einen Teil des Stroms produziert die hauseigene\nPhotovoltaikanlage.\n\n<!-- \/wp:paragraph -->\n\n<!-- wp:paragraph -->\n\nIm Garten steht eine separate \u00fcberdachte Terrasse mit gro\u00dfem Grill f\u00fcr Sie bereit. Weiterhin\nfinden Sie dort einen gro\u00dfen Spielplatz, der gerne mitbenutzt werden kann. Thore und\nElja teilen Ihr Spielzeug gerne mit anderen Kindern. W\u00e4hrend die Kinder im\nSandkasten spielen k\u00f6nnen es sich die Eltern in der Sitzecke neben dem Spielpatz bequem machen. Dank der gro\u00dfen Eichen ist es hier auch bei sommerlichen Temperaturen angenehm k\u00fchl.\n\n<!-- \/wp:paragraph -->\n\n<!-- wp:gallery {\"linkTo\":\"none\"} -->\n<figure class=\"wp-block-gallery has-nested-images columns-default is-cropped\"><!-- wp:image {\"id\":55,\"sizeSlug\":\"large\",\"linkDestination\":\"none\"} -->\n<figure class=\"wp-block-image size-large\"><a href=\"http:\/\/hof-fedderke.de\/?attachment_id=55\" target=\"_blank\" rel=\"noopener\"><img loading=\"lazy\" decoding=\"async\" class=\"aligncenter wp-image-55 size-full\" src=\"http:\/\/hof-fedderke.de\/wp-content\/uploads\/2019\/12\/Katalog-2-scaled.jpg\" alt=\"Garten\" width=\"2560\" height=\"1920\" srcset=\"https:\/\/hof-fedderke.de\/wp-content\/uploads\/2019\/12\/Katalog-2-scaled.jpg 2560w, https:\/\/hof-fedderke.de\/wp-content\/uploads\/2019\/12\/Katalog-2-300x225.jpg 300w, https:\/\/hof-fedderke.de\/wp-content\/uploads\/2019\/12\/Katalog-2-1024x768.jpg 1024w, https:\/\/hof-fedderke.de\/wp-content\/uploads\/2019\/12\/Katalog-2-768x576.jpg 768w, https:\/\/hof-fedderke.de\/wp-content\/uploads\/2019\/12\/Katalog-2-1536x1152.jpg 1536w, https:\/\/hof-fedderke.de\/wp-content\/uploads\/2019\/12\/Katalog-2-2048x1536.jpg 2048w, https:\/\/hof-fedderke.de\/wp-content\/uploads\/2019\/12\/Katalog-2-360x270.jpg 360w\" sizes=\"auto, (max-width: 2560px) 100vw, 2560px\" \/><\/a><\/figure>\n<!-- \/wp:image -->\n\n<!-- wp:image {\"id\":105,\"sizeSlug\":\"large\",\"linkDestination\":\"none\"} -->\n<figure class=\"wp-block-image size-large\"><a href=\"http:\/\/hof-fedderke.de\/?attachment_id=105\" target=\"_blank\" rel=\"noopener\"><img loading=\"lazy\" decoding=\"async\" class=\"alignnone wp-image-105 size-full\" src=\"http:\/\/hof-fedderke.de\/wp-content\/uploads\/2024\/04\/20240324_095952-scaled.jpg\" alt=\"Flur Wohnung\" width=\"1441\" height=\"2560\" srcset=\"https:\/\/hof-fedderke.de\/wp-content\/uploads\/2024\/04\/20240324_095952-scaled.jpg 1441w, https:\/\/hof-fedderke.de\/wp-content\/uploads\/2024\/04\/20240324_095952-169x300.jpg 169w, https:\/\/hof-fedderke.de\/wp-content\/uploads\/2024\/04\/20240324_095952-577x1024.jpg 577w, https:\/\/hof-fedderke.de\/wp-content\/uploads\/2024\/04\/20240324_095952-768x1364.jpg 768w, https:\/\/hof-fedderke.de\/wp-content\/uploads\/2024\/04\/20240324_095952-865x1536.jpg 865w, https:\/\/hof-fedderke.de\/wp-content\/uploads\/2024\/04\/20240324_095952-1153x2048.jpg 1153w, https:\/\/hof-fedderke.de\/wp-content\/uploads\/2024\/04\/20240324_095952-152x270.jpg 152w\" sizes=\"auto, (max-width: 1441px) 100vw, 1441px\" \/><\/a><\/figure>\n<!-- \/wp:image -->\n\n<!-- wp:image {\"id\":106,\"sizeSlug\":\"large\",\"linkDestination\":\"none\"} -->\n<figure class=\"wp-block-image size-large\"><a href=\"http:\/\/hof-fedderke.de\/?attachment_id=106\" target=\"_blank\" rel=\"noopener\"><img loading=\"lazy\" decoding=\"async\" class=\"alignnone wp-image-106 size-full\" src=\"http:\/\/hof-fedderke.de\/wp-content\/uploads\/2024\/04\/20240324_100002-scaled.jpg\" alt=\"Wohnzimmer 1\" width=\"2560\" height=\"1441\" srcset=\"https:\/\/hof-fedderke.de\/wp-content\/uploads\/2024\/04\/20240324_100002-scaled.jpg 2560w, https:\/\/hof-fedderke.de\/wp-content\/uploads\/2024\/04\/20240324_100002-300x169.jpg 300w, https:\/\/hof-fedderke.de\/wp-content\/uploads\/2024\/04\/20240324_100002-1024x577.jpg 1024w, https:\/\/hof-fedderke.de\/wp-content\/uploads\/2024\/04\/20240324_100002-768x432.jpg 768w, https:\/\/hof-fedderke.de\/wp-content\/uploads\/2024\/04\/20240324_100002-1536x865.jpg 1536w, https:\/\/hof-fedderke.de\/wp-content\/uploads\/2024\/04\/20240324_100002-2048x1153.jpg 2048w, https:\/\/hof-fedderke.de\/wp-content\/uploads\/2024\/04\/20240324_100002-480x270.jpg 480w\" sizes=\"auto, (max-width: 2560px) 100vw, 2560px\" \/><\/a><\/figure>\n<!-- \/wp:image -->\n\n<!-- wp:image {\"id\":107,\"sizeSlug\":\"large\",\"linkDestination\":\"none\"} -->\n<figure class=\"wp-block-image size-large\"><img loading=\"lazy\" decoding=\"async\" class=\"alignnone wp-image-107 size-full\" src=\"http:\/\/hof-fedderke.de\/wp-content\/uploads\/2024\/04\/20240324_100041-scaled.jpg\" alt=\"Wohnzimmer 2\" width=\"2560\" height=\"1441\" srcset=\"https:\/\/hof-fedderke.de\/wp-content\/uploads\/2024\/04\/20240324_100041-scaled.jpg 2560w, https:\/\/hof-fedderke.de\/wp-content\/uploads\/2024\/04\/20240324_100041-300x169.jpg 300w, https:\/\/hof-fedderke.de\/wp-content\/uploads\/2024\/04\/20240324_100041-1024x577.jpg 1024w, https:\/\/hof-fedderke.de\/wp-content\/uploads\/2024\/04\/20240324_100041-768x432.jpg 768w, https:\/\/hof-fedderke.de\/wp-content\/uploads\/2024\/04\/20240324_100041-1536x865.jpg 1536w, https:\/\/hof-fedderke.de\/wp-content\/uploads\/2024\/04\/20240324_100041-2048x1153.jpg 2048w, https:\/\/hof-fedderke.de\/wp-content\/uploads\/2024\/04\/20240324_100041-480x270.jpg 480w\" sizes=\"auto, (max-width: 2560px) 100vw, 2560px\" \/><\/figure>\n<!-- \/wp:image -->\n\n<!-- wp:image {\"id\":108,\"sizeSlug\":\"large\",\"linkDestination\":\"none\"} -->\n<figure class=\"wp-block-image size-large\"><a href=\"http:\/\/hof-fedderke.de\/?attachment_id=108\" target=\"_blank\" rel=\"noopener\"><img loading=\"lazy\" decoding=\"async\" class=\"alignnone wp-image-108 size-full\" src=\"http:\/\/hof-fedderke.de\/wp-content\/uploads\/2024\/04\/20240324_100129-scaled.jpg\" alt=\"Wohnzimmer 3\" width=\"2560\" height=\"1441\" srcset=\"https:\/\/hof-fedderke.de\/wp-content\/uploads\/2024\/04\/20240324_100129-scaled.jpg 2560w, https:\/\/hof-fedderke.de\/wp-content\/uploads\/2024\/04\/20240324_100129-300x169.jpg 300w, https:\/\/hof-fedderke.de\/wp-content\/uploads\/2024\/04\/20240324_100129-1024x577.jpg 1024w, https:\/\/hof-fedderke.de\/wp-content\/uploads\/2024\/04\/20240324_100129-768x432.jpg 768w, https:\/\/hof-fedderke.de\/wp-content\/uploads\/2024\/04\/20240324_100129-1536x865.jpg 1536w, https:\/\/hof-fedderke.de\/wp-content\/uploads\/2024\/04\/20240324_100129-2048x1153.jpg 2048w, https:\/\/hof-fedderke.de\/wp-content\/uploads\/2024\/04\/20240324_100129-480x270.jpg 480w\" sizes=\"auto, (max-width: 2560px) 100vw, 2560px\" \/><\/a><\/figure>\n<!-- \/wp:image -->\n\n<!-- wp:image {\"id\":117,\"sizeSlug\":\"large\",\"linkDestination\":\"none\"} -->\n<figure class=\"wp-block-image size-large\"><a href=\"http:\/\/hof-fedderke.de\/?attachment_id=117\" target=\"_blank\" rel=\"noopener\"><img loading=\"lazy\" decoding=\"async\" class=\"alignnone wp-image-117 size-full\" src=\"http:\/\/hof-fedderke.de\/wp-content\/uploads\/2024\/04\/20240324_100518-scaled.jpg\" alt=\"K\u00fcche 2\" width=\"1441\" height=\"2560\" srcset=\"https:\/\/hof-fedderke.de\/wp-content\/uploads\/2024\/04\/20240324_100518-scaled.jpg 1441w, https:\/\/hof-fedderke.de\/wp-content\/uploads\/2024\/04\/20240324_100518-169x300.jpg 169w, https:\/\/hof-fedderke.de\/wp-content\/uploads\/2024\/04\/20240324_100518-577x1024.jpg 577w, https:\/\/hof-fedderke.de\/wp-content\/uploads\/2024\/04\/20240324_100518-768x1364.jpg 768w, https:\/\/hof-fedderke.de\/wp-content\/uploads\/2024\/04\/20240324_100518-865x1536.jpg 865w, https:\/\/hof-fedderke.de\/wp-content\/uploads\/2024\/04\/20240324_100518-1153x2048.jpg 1153w, https:\/\/hof-fedderke.de\/wp-content\/uploads\/2024\/04\/20240324_100518-152x270.jpg 152w\" sizes=\"auto, (max-width: 1441px) 100vw, 1441px\" \/><\/a><\/figure>\n<!-- \/wp:image -->\n\n<!-- wp:image {\"id\":116,\"sizeSlug\":\"large\",\"linkDestination\":\"none\"} -->\n<figure class=\"wp-block-image size-large\"><a href=\"http:\/\/hof-fedderke.de\/?attachment_id=116\" target=\"_blank\" rel=\"noopener\"><img loading=\"lazy\" decoding=\"async\" class=\"alignnone wp-image-116 size-full\" src=\"http:\/\/hof-fedderke.de\/wp-content\/uploads\/2024\/04\/20240324_100526-scaled.jpg\" alt=\"K\u00fcche 1\" width=\"1441\" height=\"2560\" srcset=\"https:\/\/hof-fedderke.de\/wp-content\/uploads\/2024\/04\/20240324_100526-scaled.jpg 1441w, https:\/\/hof-fedderke.de\/wp-content\/uploads\/2024\/04\/20240324_100526-169x300.jpg 169w, https:\/\/hof-fedderke.de\/wp-content\/uploads\/2024\/04\/20240324_100526-577x1024.jpg 577w, https:\/\/hof-fedderke.de\/wp-content\/uploads\/2024\/04\/20240324_100526-768x1364.jpg 768w, https:\/\/hof-fedderke.de\/wp-content\/uploads\/2024\/04\/20240324_100526-865x1536.jpg 865w, https:\/\/hof-fedderke.de\/wp-content\/uploads\/2024\/04\/20240324_100526-1153x2048.jpg 1153w, https:\/\/hof-fedderke.de\/wp-content\/uploads\/2024\/04\/20240324_100526-152x270.jpg 152w\" sizes=\"auto, (max-width: 1441px) 100vw, 1441px\" \/><\/a><\/figure>\n<!-- \/wp:image -->\n\n<!-- wp:image {\"id\":115,\"sizeSlug\":\"large\",\"linkDestination\":\"none\"} -->\n<figure class=\"wp-block-image size-large\"><a href=\"http:\/\/hof-fedderke.de\/?attachment_id=115\" target=\"_blank\" rel=\"noopener\"><img loading=\"lazy\" decoding=\"async\" class=\"alignnone wp-image-115 size-full\" src=\"http:\/\/hof-fedderke.de\/wp-content\/uploads\/2024\/04\/20240324_100435-scaled.jpg\" alt=\"Bad 2\" width=\"1441\" height=\"2560\" srcset=\"https:\/\/hof-fedderke.de\/wp-content\/uploads\/2024\/04\/20240324_100435-scaled.jpg 1441w, https:\/\/hof-fedderke.de\/wp-content\/uploads\/2024\/04\/20240324_100435-169x300.jpg 169w, https:\/\/hof-fedderke.de\/wp-content\/uploads\/2024\/04\/20240324_100435-577x1024.jpg 577w, https:\/\/hof-fedderke.de\/wp-content\/uploads\/2024\/04\/20240324_100435-768x1364.jpg 768w, https:\/\/hof-fedderke.de\/wp-content\/uploads\/2024\/04\/20240324_100435-865x1536.jpg 865w, https:\/\/hof-fedderke.de\/wp-content\/uploads\/2024\/04\/20240324_100435-1153x2048.jpg 1153w, https:\/\/hof-fedderke.de\/wp-content\/uploads\/2024\/04\/20240324_100435-152x270.jpg 152w\" sizes=\"auto, (max-width: 1441px) 100vw, 1441px\" \/><\/a><\/figure>\n<!-- \/wp:image -->\n\n<!-- wp:image {\"id\":114,\"sizeSlug\":\"large\",\"linkDestination\":\"none\"} -->\n<figure class=\"wp-block-image size-large\"><img loading=\"lazy\" decoding=\"async\" class=\"aligncenter wp-image-114 size-full\" src=\"http:\/\/hof-fedderke.de\/wp-content\/uploads\/2024\/04\/20240324_100419-scaled.jpg\" alt=\"Bad 1\" width=\"2560\" height=\"1441\" srcset=\"https:\/\/hof-fedderke.de\/wp-content\/uploads\/2024\/04\/20240324_100419-scaled.jpg 2560w, https:\/\/hof-fedderke.de\/wp-content\/uploads\/2024\/04\/20240324_100419-300x169.jpg 300w, https:\/\/hof-fedderke.de\/wp-content\/uploads\/2024\/04\/20240324_100419-1024x577.jpg 1024w, https:\/\/hof-fedderke.de\/wp-content\/uploads\/2024\/04\/20240324_100419-768x432.jpg 768w, https:\/\/hof-fedderke.de\/wp-content\/uploads\/2024\/04\/20240324_100419-1536x865.jpg 1536w, https:\/\/hof-fedderke.de\/wp-content\/uploads\/2024\/04\/20240324_100419-2048x1153.jpg 2048w, https:\/\/hof-fedderke.de\/wp-content\/uploads\/2024\/04\/20240324_100419-480x270.jpg 480w\" sizes=\"auto, (max-width: 2560px) 100vw, 2560px\" \/><\/figure>\n<!-- \/wp:image -->\n\n<!-- wp:image {\"id\":113,\"sizeSlug\":\"large\",\"linkDestination\":\"none\"} -->\n<figure class=\"wp-block-image size-large\"><a href=\"http:\/\/hof-fedderke.de\/?attachment_id=113\" target=\"_blank\" rel=\"noopener\"><img loading=\"lazy\" decoding=\"async\" class=\"aligncenter wp-image-113 size-full\" src=\"http:\/\/hof-fedderke.de\/wp-content\/uploads\/2024\/04\/20240324_100347-scaled.jpg\" alt=\"Schlafzimmer 2\" width=\"2560\" height=\"1441\" srcset=\"https:\/\/hof-fedderke.de\/wp-content\/uploads\/2024\/04\/20240324_100347-scaled.jpg 2560w, https:\/\/hof-fedderke.de\/wp-content\/uploads\/2024\/04\/20240324_100347-300x169.jpg 300w, https:\/\/hof-fedderke.de\/wp-content\/uploads\/2024\/04\/20240324_100347-1024x577.jpg 1024w, https:\/\/hof-fedderke.de\/wp-content\/uploads\/2024\/04\/20240324_100347-768x432.jpg 768w, https:\/\/hof-fedderke.de\/wp-content\/uploads\/2024\/04\/20240324_100347-1536x865.jpg 1536w, https:\/\/hof-fedderke.de\/wp-content\/uploads\/2024\/04\/20240324_100347-2048x1153.jpg 2048w, https:\/\/hof-fedderke.de\/wp-content\/uploads\/2024\/04\/20240324_100347-480x270.jpg 480w\" sizes=\"auto, (max-width: 2560px) 100vw, 2560px\" \/><\/a><\/figure>\n<!-- \/wp:image -->\n\n<!-- wp:image {\"id\":112,\"sizeSlug\":\"large\",\"linkDestination\":\"none\"} -->\n<figure class=\"wp-block-image size-large\"><a href=\"http:\/\/hof-fedderke.de\/?attachment_id=112\" target=\"_blank\" rel=\"noopener\"><img loading=\"lazy\" decoding=\"async\" class=\"aligncenter wp-image-112 size-full\" src=\"http:\/\/hof-fedderke.de\/wp-content\/uploads\/2024\/04\/20240324_100338-scaled.jpg\" alt=\"Schlafzimmer 1\" width=\"2560\" height=\"1441\" srcset=\"https:\/\/hof-fedderke.de\/wp-content\/uploads\/2024\/04\/20240324_100338-scaled.jpg 2560w, https:\/\/hof-fedderke.de\/wp-content\/uploads\/2024\/04\/20240324_100338-300x169.jpg 300w, https:\/\/hof-fedderke.de\/wp-content\/uploads\/2024\/04\/20240324_100338-1024x577.jpg 1024w, https:\/\/hof-fedderke.de\/wp-content\/uploads\/2024\/04\/20240324_100338-768x432.jpg 768w, https:\/\/hof-fedderke.de\/wp-content\/uploads\/2024\/04\/20240324_100338-1536x865.jpg 1536w, https:\/\/hof-fedderke.de\/wp-content\/uploads\/2024\/04\/20240324_100338-2048x1153.jpg 2048w, https:\/\/hof-fedderke.de\/wp-content\/uploads\/2024\/04\/20240324_100338-480x270.jpg 480w\" sizes=\"auto, (max-width: 2560px) 100vw, 2560px\" \/><\/a><\/figure>\n<!-- \/wp:image -->\n\n<!-- wp:image {\"id\":111,\"sizeSlug\":\"large\",\"linkDestination\":\"none\"} -->\n<figure class=\"wp-block-image size-large\"><a href=\"http:\/\/hof-fedderke.de\/?attachment_id=111\" target=\"_blank\" rel=\"noopener\"><img loading=\"lazy\" decoding=\"async\" class=\"alignnone wp-image-111 size-full\" src=\"http:\/\/hof-fedderke.de\/wp-content\/uploads\/2024\/04\/20240324_100229-scaled.jpg\" alt=\"Spielzimmer \/ Schlafzimmer\" width=\"2560\" height=\"1441\" srcset=\"https:\/\/hof-fedderke.de\/wp-content\/uploads\/2024\/04\/20240324_100229-scaled.jpg 2560w, https:\/\/hof-fedderke.de\/wp-content\/uploads\/2024\/04\/20240324_100229-300x169.jpg 300w, https:\/\/hof-fedderke.de\/wp-content\/uploads\/2024\/04\/20240324_100229-1024x577.jpg 1024w, https:\/\/hof-fedderke.de\/wp-content\/uploads\/2024\/04\/20240324_100229-768x432.jpg 768w, https:\/\/hof-fedderke.de\/wp-content\/uploads\/2024\/04\/20240324_100229-1536x865.jpg 1536w, https:\/\/hof-fedderke.de\/wp-content\/uploads\/2024\/04\/20240324_100229-2048x1153.jpg 2048w, https:\/\/hof-fedderke.de\/wp-content\/uploads\/2024\/04\/20240324_100229-480x270.jpg 480w\" sizes=\"auto, (max-width: 2560px) 100vw, 2560px\" \/><\/a><\/figure>\n<!-- \/wp:image -->\n\n<!-- wp:image {\"id\":110,\"sizeSlug\":\"large\",\"linkDestination\":\"none\"} -->\n<figure class=\"wp-block-image size-large\"><a href=\"http:\/\/hof-fedderke.de\/?attachment_id=110\" target=\"_blank\" rel=\"noopener\"><img loading=\"lazy\" decoding=\"async\" class=\"aligncenter wp-image-110 size-full\" src=\"http:\/\/hof-fedderke.de\/wp-content\/uploads\/2024\/04\/20240324_100221-scaled.jpg\" alt=\"Kinderschlafzimmer 1\" width=\"2560\" height=\"1441\" srcset=\"https:\/\/hof-fedderke.de\/wp-content\/uploads\/2024\/04\/20240324_100221-scaled.jpg 2560w, https:\/\/hof-fedderke.de\/wp-content\/uploads\/2024\/04\/20240324_100221-300x169.jpg 300w, https:\/\/hof-fedderke.de\/wp-content\/uploads\/2024\/04\/20240324_100221-1024x577.jpg 1024w, https:\/\/hof-fedderke.de\/wp-content\/uploads\/2024\/04\/20240324_100221-768x432.jpg 768w, https:\/\/hof-fedderke.de\/wp-content\/uploads\/2024\/04\/20240324_100221-1536x865.jpg 1536w, https:\/\/hof-fedderke.de\/wp-content\/uploads\/2024\/04\/20240324_100221-2048x1153.jpg 2048w, https:\/\/hof-fedderke.de\/wp-content\/uploads\/2024\/04\/20240324_100221-480x270.jpg 480w\" sizes=\"auto, (max-width: 2560px) 100vw, 2560px\" \/><\/a><\/figure>\n<!-- \/wp:image -->\n\n<!-- wp:image {\"id\":109,\"sizeSlug\":\"large\",\"linkDestination\":\"none\"} -->\n<figure class=\"wp-block-image size-large\"><img loading=\"lazy\" decoding=\"async\" class=\"aligncenter wp-image-109 size-full\" src=\"http:\/\/hof-fedderke.de\/wp-content\/uploads\/2024\/04\/20240324_100158-scaled.jpg\" alt=\"Kinderschlafzimmer 2\" width=\"2560\" height=\"1441\" srcset=\"https:\/\/hof-fedderke.de\/wp-content\/uploads\/2024\/04\/20240324_100158-scaled.jpg 2560w, https:\/\/hof-fedderke.de\/wp-content\/uploads\/2024\/04\/20240324_100158-300x169.jpg 300w, https:\/\/hof-fedderke.de\/wp-content\/uploads\/2024\/04\/20240324_100158-1024x577.jpg 1024w, https:\/\/hof-fedderke.de\/wp-content\/uploads\/2024\/04\/20240324_100158-768x432.jpg 768w, https:\/\/hof-fedderke.de\/wp-content\/uploads\/2024\/04\/20240324_100158-1536x865.jpg 1536w, https:\/\/hof-fedderke.de\/wp-content\/uploads\/2024\/04\/20240324_100158-2048x1153.jpg 2048w, https:\/\/hof-fedderke.de\/wp-content\/uploads\/2024\/04\/20240324_100158-480x270.jpg 480w\" sizes=\"auto, (max-width: 2560px) 100vw, 2560px\" \/><\/figure>\n<!-- \/wp:image --><\/figure>\n<!-- \/wp:gallery -->","protected":false},"excerpt":{"rendered":"<p>befindet sich im ersten Stock des Haupthauses auf dem ehemaligen Heuboden. Durch das separate Treppenhaus gelangen Sie zu Ihrer Ferienwohnung. Die Wohnung hat eine Fl\u00e4che von 74qm. Vom Flur aus gelangen Sie in die vollausgestattete K\u00fcche. Hier finden Sie alles was Sie zum Kochen und Backen ben\u00f6tigen. Sogar eine Sp\u00fclmaschine ist Teil der Einrichtung. Beim Essen k\u00f6nnen Sie w\u00e4hlen, ob Sie dies in der K\u00fcche tun wollen oder ob Sie doch lieber an dem gro\u00dfen Tisch im lichtdurchfluteten Esszimmer sitzen&#8230;<\/p>\n<p class=\"read-more\"><a class=\"btn btn-default\" href=\"https:\/\/hof-fedderke.de\/?page_id=7\">Weiterlesen<span class=\"screen-reader-text\"> Weiterlesen<\/span><\/a><\/p>\n","protected":false},"author":1,"featured_media":0,"parent":0,"menu_order":0,"comment_status":"closed","ping_status":"closed","template":"","meta":{"footnotes":""},"class_list":["post-7","page","type-page","status-publish","hentry"],"_links":{"self":[{"href":"https:\/\/hof-fedderke.de\/index.php?rest_route=\/wp\/v2\/pages\/7","targetHints":{"allow":["GET"]}}],"collection":[{"href":"https:\/\/hof-fedderke.de\/index.php?rest_route=\/wp\/v2\/pages"}],"about":[{"href":"https:\/\/hof-fedderke.de\/index.php?rest_route=\/wp\/v2\/types\/page"}],"author":[{"embeddable":true,"href":"https:\/\/hof-fedderke.de\/index.php?rest_route=\/wp\/v2\/users\/1"}],"replies":[{"embeddable":true,"href":"https:\/\/hof-fedderke.de\/index.php?rest_route=%2Fwp%2Fv2%2Fcomments&post=7"}],"version-history":[{"count":9,"href":"https:\/\/hof-fedderke.de\/index.php?rest_route=\/wp\/v2\/pages\/7\/revisions"}],"predecessor-version":[{"id":126,"href":"https:\/\/hof-fedderke.de\/index.php?rest_route=\/wp\/v2\/pages\/7\/revisions\/126"}],"wp:attachment":[{"href":"https:\/\/hof-fedderke.de\/index.php?rest_route=%2Fwp%2Fv2%2Fmedia&parent=7"}],"curies":[{"name":"wp","href":"https:\/\/api.w.org\/{rel}","templated":true}]}}