{"id":38,"date":"2019-12-27T19:47:16","date_gmt":"2019-12-27T19:47:16","guid":{"rendered":"http:\/\/hof-fedderke.de\/?page_id=38"},"modified":"2020-09-11T19:57:45","modified_gmt":"2020-09-11T19:57:45","slug":"herzlich-willkommen","status":"publish","type":"page","link":"https:\/\/hof-fedderke.de\/","title":{"rendered":"Herzlich Willkommen"},"content":{"rendered":"\n<p>und sch\u00f6n, dass Sie den Weg auf unsere Website gefunden haben. Wir m\u00f6chten Ihnen hier unseren Hof und unsere Ferienwohnung vorstellen.<\/p>\n\n\n\n<p>Unser Hof liegt am Rande der kleinen Ortschaft Kroge, mitten im sch\u00f6nen Heidekreis. Trotz unserer zentralen Lage zwischen Hamburg, Hannover und Bremen k\u00f6nnen Sie bei uns einen ruhigen Urlaub verbringen. In nur f\u00fcnf Minuten erreichen Sie die A7 und bis zur A27 sind es 12 Minuten. So steht einer schnellen und entspannten Anreise nichts im Wege. <\/p>\n","protected":false},"excerpt":{"rendered":"<p>und sch\u00f6n, dass Sie den Weg auf unsere Website gefunden haben. Wir m\u00f6chten Ihnen hier unseren Hof und unsere Ferienwohnung vorstellen. Unser Hof liegt am Rande der kleinen Ortschaft Kroge, mitten im sch\u00f6nen Heidekreis. Trotz unserer zentralen Lage zwischen Hamburg, Hannover und Bremen k\u00f6nnen Sie bei uns einen ruhigen Urlaub verbringen. In nur f\u00fcnf Minuten erreichen Sie die A7 und bis zur A27 sind es 12 Minuten. So steht einer schnellen und entspannten Anreise nichts im Wege.<\/p>\n","protected":false},"author":1,"featured_media":0,"parent":0,"menu_order":0,"comment_status":"closed","ping_status":"closed","template":"","meta":{"footnotes":""},"class_list":["post-38","page","type-page","status-publish","hentry"],"_links":{"self":[{"href":"https:\/\/hof-fedderke.de\/index.php?rest_route=\/wp\/v2\/pages\/38","targetHints":{"allow":["GET"]}}],"collection":[{"href":"https:\/\/hof-fedderke.de\/index.php?rest_route=\/wp\/v2\/pages"}],"about":[{"href":"https:\/\/hof-fedderke.de\/index.php?rest_route=\/wp\/v2\/types\/page"}],"author":[{"embeddable":true,"href":"https:\/\/hof-fedderke.de\/index.php?rest_route=\/wp\/v2\/users\/1"}],"replies":[{"embeddable":true,"href":"https:\/\/hof-fedderke.de\/index.php?rest_route=%2Fwp%2Fv2%2Fcomments&post=38"}],"version-history":[{"count":4,"href":"https:\/\/hof-fedderke.de\/index.php?rest_route=\/wp\/v2\/pages\/38\/revisions"}],"predecessor-version":[{"id":99,"href":"https:\/\/hof-fedderke.de\/index.php?rest_route=\/wp\/v2\/pages\/38\/revisions\/99"}],"wp:attachment":[{"href":"https:\/\/hof-fedderke.de\/index.php?rest_route=%2Fwp%2Fv2%2Fmedia&parent=38"}],"curies":[{"name":"wp","href":"https:\/\/api.w.org\/{rel}","templated":true}]}}